{"id":46,"date":"2020-05-31T09:39:34","date_gmt":"2020-05-31T09:39:34","guid":{"rendered":"https:\/\/bidrentopro.com\/?page_id=46"},"modified":"2020-11-05T17:15:25","modified_gmt":"2020-11-05T17:15:25","slug":"taiendavad-taustakontrolli-voimalused","status":"publish","type":"page","link":"https:\/\/bidrento.com\/et\/taiendavad-taustakontrolli-voimalused\/","title":{"rendered":"T\u00e4iendavad taustakontrolli v\u00f5imalused"},"content":{"rendered":"\t\t<div data-elementor-type=\"wp-page\" data-elementor-id=\"46\" class=\"elementor elementor-46\" data-elementor-post-type=\"page\">\n\t\t\t\t\t\t<section class=\"elementor-section elementor-top-section elementor-element elementor-element-44cec5b elementor-section-boxed elementor-section-height-default elementor-section-height-default\" data-id=\"44cec5b\" data-element_type=\"section\">\n\t\t\t\t\t\t<div class=\"elementor-container elementor-column-gap-default\">\n\t\t\t\t\t<div class=\"elementor-column elementor-col-100 elementor-top-column elementor-element elementor-element-4a07117\" data-id=\"4a07117\" data-element_type=\"column\">\n\t\t\t<div class=\"elementor-widget-wrap elementor-element-populated\">\n\t\t\t\t\t\t<div class=\"elementor-element elementor-element-c493c9e elementor-widget elementor-widget-text-editor\" data-id=\"c493c9e\" data-element_type=\"widget\" data-widget_type=\"text-editor.default\">\n\t\t\t\t<div class=\"elementor-widget-container\">\n\t\t\t\t\t\t\t\t\t<p><span style=\"font-size: 12pt;\">\u00dc\u00fcrimisel \u00fcks peamisi k\u00fcsimusi on: Kuidas tunda \u00e4ra \u00f5ige \u00fc\u00fcrnik v\u00f5i kas \u00fc\u00fcrileandja on usaldusv\u00e4\u00e4rne? \u00dc\u00fcri turvaliselt ning tunne inimest, kellega s\u00f5lmid \u00fc\u00fcrilepingu. Selleks, et muuta \u00fc\u00fcriprotsess turvalisemaks, oleme kogunud kokku erinevad avalikud registrid, kust saab \u00fc\u00fcrileandja v\u00f5i \u00fc\u00fcrnik ise lisaks makseh\u00e4ireregistrile kontrollida ja uurida t\u00e4iendavat infot nii eraisikute kui ka ettev\u00f5tete kohta.<\/span><\/p><h4><span style=\"font-size: 14pt;\"><span style=\"text-decoration: underline; font-size: 18pt;\">Avalikud registrid:<\/span><br \/><\/span><\/h4><p><strong><u><a href=\"https:\/\/apps.emta.ee\/saqu\/public\/taxdebt\">Maksuameti v\u00f5laregister<\/a><br \/><a href=\"https:\/\/www.ametlikudteadaanded.ee\/\">Ametlikud teadaanded<\/a><br \/><a href=\"https:\/\/ariregister.rik.ee\/\">\u00c4riregister<\/a><\/u><\/strong><strong><br \/><span style=\"text-decoration: underline;\"><a href=\"https:\/\/mtr.mkm.ee\/\">Majandustegevuse register<\/a><\/span><br \/><span style=\"text-decoration: underline;\"><a href=\"https:\/\/www.riigiteataja.ee\/kohtulahendid\/koik_menetlused.html\">Kohtulahendite register<\/a><\/span><br \/><span style=\"text-decoration: underline;\"><a href=\"https:\/\/www.rik.ee\/et\/karistusregister\">Karistusregister<\/a><\/span><br \/><span style=\"text-decoration: underline;\"><a href=\"https:\/\/kinnistusraamat.rik.ee\/detailparing\/Login.aspx?ReturnUrl=%2fdetailparing%2f\">Kinnistusraamat<\/a><\/span><\/strong><\/p>\t\t\t\t\t\t\t\t<\/div>\n\t\t\t\t<\/div>\n\t\t\t\t\t<\/div>\n\t\t<\/div>\n\t\t\t\t\t<\/div>\n\t\t<\/section>\n\t\t\t\t<\/div>\n\t\t","protected":false},"excerpt":{"rendered":"<p>\u00dc\u00fcrimisel \u00fcks peamisi k\u00fcsimusi on: Kuidas tunda \u00e4ra \u00f5ige \u00fc\u00fcrnik v\u00f5i kas \u00fc\u00fcrileandja on usaldusv\u00e4\u00e4rne? \u00dc\u00fcri turvaliselt ning tunne inimest, kellega s\u00f5lmid \u00fc\u00fcrilepingu. Selleks, et muuta \u00fc\u00fcriprotsess turvalisemaks, oleme kogunud kokku erinevad avalikud registrid, kust saab \u00fc\u00fcrileandja v\u00f5i \u00fc\u00fcrnik ise lisaks makseh\u00e4ireregistrile kontrollida ja uurida t\u00e4iendavat infot nii eraisikute kui ka ettev\u00f5tete kohta. Avalikud registrid: [&hellip;]<\/p>\n","protected":false},"author":2,"featured_media":0,"parent":0,"menu_order":0,"comment_status":"closed","ping_status":"closed","template":"","meta":{"content-type":"","footnotes":""},"class_list":["post-46","page","type-page","status-publish","hentry","no-post-thumbnail"],"acf":[],"yoast_head":"<!-- This site is optimized with the Yoast SEO plugin v26.8 - https:\/\/yoast.com\/product\/yoast-seo-wordpress\/ -->\n<title>T\u00e4iendavad taustakontrolli v\u00f5imalused - Bidrento<\/title>\n<meta name=\"description\" content=\"\u00dc\u00fcrimisel \u00fcks peamisi k\u00fcsimusi on: Kuidas tunda \u00e4ra \u00f5ige \u00fc\u00fcrnik v\u00f5i kas \u00fc\u00fcrileandja on usaldusv\u00e4\u00e4rne? \u00dc\u00fcri turvaliselt ning tunne inimest, kellega s\u00f5lmid\" \/>\n<meta name=\"robots\" content=\"index, follow, max-snippet:-1, max-image-preview:large, max-video-preview:-1\" \/>\n<link rel=\"canonical\" href=\"https:\/\/bidrento.com\/et\/taiendavad-taustakontrolli-voimalused\/\" \/>\n<meta property=\"og:locale\" content=\"et_EE\" \/>\n<meta property=\"og:type\" content=\"article\" \/>\n<meta property=\"og:title\" content=\"T\u00e4iendavad taustakontrolli v\u00f5imalused - Bidrento\" \/>\n<meta property=\"og:description\" content=\"\u00dc\u00fcrimisel \u00fcks peamisi k\u00fcsimusi on: Kuidas tunda \u00e4ra \u00f5ige \u00fc\u00fcrnik v\u00f5i kas \u00fc\u00fcrileandja on usaldusv\u00e4\u00e4rne? \u00dc\u00fcri turvaliselt ning tunne inimest, kellega s\u00f5lmid\" \/>\n<meta property=\"og:url\" content=\"https:\/\/bidrento.com\/et\/taiendavad-taustakontrolli-voimalused\/\" \/>\n<meta property=\"og:site_name\" content=\"Bidrento\" \/>\n<meta property=\"article:publisher\" content=\"https:\/\/www.facebook.com\/bidrentosoftware\" \/>\n<meta property=\"article:modified_time\" content=\"2020-11-05T17:15:25+00:00\" \/>\n<meta property=\"og:image\" content=\"https:\/\/bidrento.com\/wp-content\/uploads\/2023\/01\/Bidrento-best-property-management-software.png\" \/>\n\t<meta property=\"og:image:width\" content=\"1600\" \/>\n\t<meta property=\"og:image:height\" content=\"900\" \/>\n\t<meta property=\"og:image:type\" content=\"image\/png\" \/>\n<meta name=\"twitter:card\" content=\"summary_large_image\" \/>\n<script type=\"application\/ld+json\" class=\"yoast-schema-graph\">{\"@context\":\"https:\/\/schema.org\",\"@graph\":[{\"@type\":\"WebPage\",\"@id\":\"https:\/\/bidrento.com\/et\/taiendavad-taustakontrolli-voimalused\/\",\"url\":\"https:\/\/bidrento.com\/et\/taiendavad-taustakontrolli-voimalused\/\",\"name\":\"T\u00e4iendavad taustakontrolli v\u00f5imalused - Bidrento\",\"isPartOf\":{\"@id\":\"https:\/\/bidrento.com\/#website\"},\"datePublished\":\"2020-05-31T09:39:34+00:00\",\"dateModified\":\"2020-11-05T17:15:25+00:00\",\"description\":\"\u00dc\u00fcrimisel \u00fcks peamisi k\u00fcsimusi on: Kuidas tunda \u00e4ra \u00f5ige \u00fc\u00fcrnik v\u00f5i kas \u00fc\u00fcrileandja on usaldusv\u00e4\u00e4rne? \u00dc\u00fcri turvaliselt ning tunne inimest, kellega s\u00f5lmid\",\"breadcrumb\":{\"@id\":\"https:\/\/bidrento.com\/et\/taiendavad-taustakontrolli-voimalused\/#breadcrumb\"},\"inLanguage\":\"et\",\"potentialAction\":[{\"@type\":\"ReadAction\",\"target\":[\"https:\/\/bidrento.com\/et\/taiendavad-taustakontrolli-voimalused\/\"]}]},{\"@type\":\"BreadcrumbList\",\"@id\":\"https:\/\/bidrento.com\/et\/taiendavad-taustakontrolli-voimalused\/#breadcrumb\",\"itemListElement\":[{\"@type\":\"ListItem\",\"position\":1,\"name\":\"Home\",\"item\":\"https:\/\/bidrento.com\/\"},{\"@type\":\"ListItem\",\"position\":2,\"name\":\"T\u00e4iendavad taustakontrolli v\u00f5imalused\"}]},{\"@type\":\"WebSite\",\"@id\":\"https:\/\/bidrento.com\/#website\",\"url\":\"https:\/\/bidrento.com\/\",\"name\":\"Bidrento\",\"description\":\"Rental Property Management Software\",\"publisher\":{\"@id\":\"https:\/\/bidrento.com\/#organization\"},\"potentialAction\":[{\"@type\":\"SearchAction\",\"target\":{\"@type\":\"EntryPoint\",\"urlTemplate\":\"https:\/\/bidrento.com\/?s={search_term_string}\"},\"query-input\":{\"@type\":\"PropertyValueSpecification\",\"valueRequired\":true,\"valueName\":\"search_term_string\"}}],\"inLanguage\":\"et\"},{\"@type\":\"Organization\",\"@id\":\"https:\/\/bidrento.com\/#organization\",\"name\":\"Bidrento\",\"url\":\"https:\/\/bidrento.com\/\",\"logo\":{\"@type\":\"ImageObject\",\"inLanguage\":\"et\",\"@id\":\"https:\/\/bidrento.com\/#\/schema\/logo\/image\/\",\"url\":\"https:\/\/bidrento.com\/wp-content\/uploads\/2024\/10\/LinkedIn-Social-Media-Logo.png\",\"contentUrl\":\"https:\/\/bidrento.com\/wp-content\/uploads\/2024\/10\/LinkedIn-Social-Media-Logo.png\",\"width\":300,\"height\":300,\"caption\":\"Bidrento\"},\"image\":{\"@id\":\"https:\/\/bidrento.com\/#\/schema\/logo\/image\/\"},\"sameAs\":[\"https:\/\/www.facebook.com\/bidrentosoftware\",\"https:\/\/www.instagram.com\/bidrento\/\",\"https:\/\/www.linkedin.com\/company\/bidrento\/\"]}]}<\/script>\n<!-- \/ Yoast SEO plugin. -->","yoast_head_json":{"title":"T\u00e4iendavad taustakontrolli v\u00f5imalused - Bidrento","description":"\u00dc\u00fcrimisel \u00fcks peamisi k\u00fcsimusi on: Kuidas tunda \u00e4ra \u00f5ige \u00fc\u00fcrnik v\u00f5i kas \u00fc\u00fcrileandja on usaldusv\u00e4\u00e4rne? \u00dc\u00fcri turvaliselt ning tunne inimest, kellega s\u00f5lmid","robots":{"index":"index","follow":"follow","max-snippet":"max-snippet:-1","max-image-preview":"max-image-preview:large","max-video-preview":"max-video-preview:-1"},"canonical":"https:\/\/bidrento.com\/et\/taiendavad-taustakontrolli-voimalused\/","og_locale":"et_EE","og_type":"article","og_title":"T\u00e4iendavad taustakontrolli v\u00f5imalused - Bidrento","og_description":"\u00dc\u00fcrimisel \u00fcks peamisi k\u00fcsimusi on: Kuidas tunda \u00e4ra \u00f5ige \u00fc\u00fcrnik v\u00f5i kas \u00fc\u00fcrileandja on usaldusv\u00e4\u00e4rne? \u00dc\u00fcri turvaliselt ning tunne inimest, kellega s\u00f5lmid","og_url":"https:\/\/bidrento.com\/et\/taiendavad-taustakontrolli-voimalused\/","og_site_name":"Bidrento","article_publisher":"https:\/\/www.facebook.com\/bidrentosoftware","article_modified_time":"2020-11-05T17:15:25+00:00","og_image":[{"width":1600,"height":900,"url":"https:\/\/bidrento.com\/wp-content\/uploads\/2023\/01\/Bidrento-best-property-management-software.png","type":"image\/png"}],"twitter_card":"summary_large_image","schema":{"@context":"https:\/\/schema.org","@graph":[{"@type":"WebPage","@id":"https:\/\/bidrento.com\/et\/taiendavad-taustakontrolli-voimalused\/","url":"https:\/\/bidrento.com\/et\/taiendavad-taustakontrolli-voimalused\/","name":"T\u00e4iendavad taustakontrolli v\u00f5imalused - Bidrento","isPartOf":{"@id":"https:\/\/bidrento.com\/#website"},"datePublished":"2020-05-31T09:39:34+00:00","dateModified":"2020-11-05T17:15:25+00:00","description":"\u00dc\u00fcrimisel \u00fcks peamisi k\u00fcsimusi on: Kuidas tunda \u00e4ra \u00f5ige \u00fc\u00fcrnik v\u00f5i kas \u00fc\u00fcrileandja on usaldusv\u00e4\u00e4rne? \u00dc\u00fcri turvaliselt ning tunne inimest, kellega s\u00f5lmid","breadcrumb":{"@id":"https:\/\/bidrento.com\/et\/taiendavad-taustakontrolli-voimalused\/#breadcrumb"},"inLanguage":"et","potentialAction":[{"@type":"ReadAction","target":["https:\/\/bidrento.com\/et\/taiendavad-taustakontrolli-voimalused\/"]}]},{"@type":"BreadcrumbList","@id":"https:\/\/bidrento.com\/et\/taiendavad-taustakontrolli-voimalused\/#breadcrumb","itemListElement":[{"@type":"ListItem","position":1,"name":"Home","item":"https:\/\/bidrento.com\/"},{"@type":"ListItem","position":2,"name":"T\u00e4iendavad taustakontrolli v\u00f5imalused"}]},{"@type":"WebSite","@id":"https:\/\/bidrento.com\/#website","url":"https:\/\/bidrento.com\/","name":"Bidrento","description":"Rental Property Management Software","publisher":{"@id":"https:\/\/bidrento.com\/#organization"},"potentialAction":[{"@type":"SearchAction","target":{"@type":"EntryPoint","urlTemplate":"https:\/\/bidrento.com\/?s={search_term_string}"},"query-input":{"@type":"PropertyValueSpecification","valueRequired":true,"valueName":"search_term_string"}}],"inLanguage":"et"},{"@type":"Organization","@id":"https:\/\/bidrento.com\/#organization","name":"Bidrento","url":"https:\/\/bidrento.com\/","logo":{"@type":"ImageObject","inLanguage":"et","@id":"https:\/\/bidrento.com\/#\/schema\/logo\/image\/","url":"https:\/\/bidrento.com\/wp-content\/uploads\/2024\/10\/LinkedIn-Social-Media-Logo.png","contentUrl":"https:\/\/bidrento.com\/wp-content\/uploads\/2024\/10\/LinkedIn-Social-Media-Logo.png","width":300,"height":300,"caption":"Bidrento"},"image":{"@id":"https:\/\/bidrento.com\/#\/schema\/logo\/image\/"},"sameAs":["https:\/\/www.facebook.com\/bidrentosoftware","https:\/\/www.instagram.com\/bidrento\/","https:\/\/www.linkedin.com\/company\/bidrento\/"]}]}},"_links":{"self":[{"href":"https:\/\/bidrento.com\/et\/wp-json\/wp\/v2\/pages\/46","targetHints":{"allow":["GET"]}}],"collection":[{"href":"https:\/\/bidrento.com\/et\/wp-json\/wp\/v2\/pages"}],"about":[{"href":"https:\/\/bidrento.com\/et\/wp-json\/wp\/v2\/types\/page"}],"author":[{"embeddable":true,"href":"https:\/\/bidrento.com\/et\/wp-json\/wp\/v2\/users\/2"}],"replies":[{"embeddable":true,"href":"https:\/\/bidrento.com\/et\/wp-json\/wp\/v2\/comments?post=46"}],"version-history":[{"count":5,"href":"https:\/\/bidrento.com\/et\/wp-json\/wp\/v2\/pages\/46\/revisions"}],"predecessor-version":[{"id":6343,"href":"https:\/\/bidrento.com\/et\/wp-json\/wp\/v2\/pages\/46\/revisions\/6343"}],"wp:attachment":[{"href":"https:\/\/bidrento.com\/et\/wp-json\/wp\/v2\/media?parent=46"}],"curies":[{"name":"wp","href":"https:\/\/api.w.org\/{rel}","templated":true}]}}